{"id":1490,"date":"2026-05-06T11:28:48","date_gmt":"2026-05-06T11:28:48","guid":{"rendered":"https:\/\/www.horn-generali.at\/?page_id=1490"},"modified":"2026-05-06T11:41:06","modified_gmt":"2026-05-06T11:41:06","slug":"historisches","status":"publish","type":"page","link":"https:\/\/www.horn-generali.at\/?page_id=1490","title":{"rendered":"Unsere Geschichte"},"content":{"rendered":"\n<p>1965 er\u00f6ffnete Herr Johannes Thomann ein Versicherungsb\u00fcro als Partner der Ersten Allgemeinen Versicherung in P\u00f6ls.<\/p>\n\n\n\n<p>Herr Gottfried Horn \u00fcbernahm 1990 das B\u00fcro und gr\u00fcndete einige Jahre sp\u00e4ter die Generali-Generalagentur Horn, in der auch sein Sohn Gernot als Mitarbeiter t\u00e4tig war.<\/p>\n\n\n\n<p>Nach Abschluss des Studiums zum Akademischen Versicherungskaufmann 2013 \u00fcbernahm Herr Gernot Horn, Akad. Vkfm. 2015 die Gesch\u00e4ftsf\u00fchrung.<\/p>\n\n\n\n<p>2018 erg\u00e4nzte Herr Thomas Krammer, MBA das Team der Generalagentur Horn.<\/p>\n\n\n\n<p>Im Juni 2024 wurde die Versicherungsagentur in eine OG (neue Gesellschafts- Rechtsform) umgewandelt &#8211; seither sind Gernot Horn und Thomas Krammer gemeinsam f\u00fcr die Gesch\u00e4ftsf\u00fchrung verantwortlich.<\/p>\n\n\n\n<p>Unsere Generali-Generalagentur steht allen Kundinnen und Kunden in s\u00e4mtlichen Versicherungsfragen mit Rat und Tat zur Seite, und das gerne ein Leben lang. Wir bieten eine breite Palette an Versicherungsprodukten an, von der KFZ-Versicherung bis hin zum Unwetterschutz f\u00fcr Firmengeb\u00e4ude.<\/p>\n\n\n\n<p>Als zuverl\u00e4ssiger Partner vor Ort betreuen wir Sie nicht nur im Schadensfall, sondern auch bei allen anderen versicherungsrelevanten Angelegenheiten.<\/p>\n\n\n\n<figure data-wp-context=\"{&quot;imageId&quot;:&quot;69fb8ba535614&quot;}\" data-wp-interactive=\"core\/image\" data-wp-key=\"69fb8ba535614\" class=\"wp-block-image size-large is-style-default wp-lightbox-container\"><img loading=\"lazy\" decoding=\"async\" width=\"1024\" height=\"683\" data-wp-class--hide=\"state.isContentHidden\" data-wp-class--show=\"state.isContentVisible\" data-wp-init=\"callbacks.setButtonStyles\" data-wp-on--click=\"actions.showLightbox\" data-wp-on--load=\"callbacks.setButtonStyles\" data-wp-on-window--resize=\"callbacks.setButtonStyles\" src=\"https:\/\/www.horn-generali.at\/wp-content\/uploads\/2018-XMas-2-1-1024x683.jpg\" alt=\"\" class=\"wp-image-1493\" srcset=\"https:\/\/www.horn-generali.at\/wp-content\/uploads\/2018-XMas-2-1-1024x683.jpg 1024w, https:\/\/www.horn-generali.at\/wp-content\/uploads\/2018-XMas-2-1-300x200.jpg 300w, https:\/\/www.horn-generali.at\/wp-content\/uploads\/2018-XMas-2-1-768x512.jpg 768w, https:\/\/www.horn-generali.at\/wp-content\/uploads\/2018-XMas-2-1-1536x1024.jpg 1536w, https:\/\/www.horn-generali.at\/wp-content\/uploads\/2018-XMas-2-1-2048x1366.jpg 2048w\" sizes=\"auto, (max-width: 1024px) 100vw, 1024px\" \/><button\n\t\t\tclass=\"lightbox-trigger\"\n\t\t\ttype=\"button\"\n\t\t\taria-haspopup=\"dialog\"\n\t\t\taria-label=\"Vergr\u00f6\u00dfern\"\n\t\t\tdata-wp-init=\"callbacks.initTriggerButton\"\n\t\t\tdata-wp-on--click=\"actions.showLightbox\"\n\t\t\tdata-wp-style--right=\"state.imageButtonRight\"\n\t\t\tdata-wp-style--top=\"state.imageButtonTop\"\n\t\t>\n\t\t\t<svg xmlns=\"http:\/\/www.w3.org\/2000\/svg\" width=\"12\" height=\"12\" fill=\"none\" viewBox=\"0 0 12 12\">\n\t\t\t\t<path fill=\"#fff\" d=\"M2 0a2 2 0 0 0-2 2v2h1.5V2a.5.5 0 0 1 .5-.5h2V0H2Zm2 10.5H2a.5.5 0 0 1-.5-.5V8H0v2a2 2 0 0 0 2 2h2v-1.5ZM8 12v-1.5h2a.5.5 0 0 0 .5-.5V8H12v2a2 2 0 0 1-2 2H8Zm2-12a2 2 0 0 1 2 2v2h-1.5V2a.5.5 0 0 0-.5-.5H8V0h2Z\" \/>\n\t\t\t<\/svg>\n\t\t<\/button><\/figure>\n\n\n\n<figure data-wp-context=\"{&quot;imageId&quot;:&quot;69fb8ba536063&quot;}\" data-wp-interactive=\"core\/image\" data-wp-key=\"69fb8ba536063\" class=\"wp-block-image size-large wp-lightbox-container\"><img loading=\"lazy\" decoding=\"async\" width=\"1024\" height=\"683\" data-wp-class--hide=\"state.isContentHidden\" data-wp-class--show=\"state.isContentVisible\" data-wp-init=\"callbacks.setButtonStyles\" data-wp-on--click=\"actions.showLightbox\" data-wp-on--load=\"callbacks.setButtonStyles\" data-wp-on-window--resize=\"callbacks.setButtonStyles\" src=\"https:\/\/www.horn-generali.at\/wp-content\/uploads\/VA-Horn_Visitenkarte_Krammer_Mockup-Kopie-1-1024x683.jpg\" alt=\"\" class=\"wp-image-1504\" srcset=\"https:\/\/www.horn-generali.at\/wp-content\/uploads\/VA-Horn_Visitenkarte_Krammer_Mockup-Kopie-1-1024x683.jpg 1024w, https:\/\/www.horn-generali.at\/wp-content\/uploads\/VA-Horn_Visitenkarte_Krammer_Mockup-Kopie-1-300x200.jpg 300w, https:\/\/www.horn-generali.at\/wp-content\/uploads\/VA-Horn_Visitenkarte_Krammer_Mockup-Kopie-1-768x512.jpg 768w, https:\/\/www.horn-generali.at\/wp-content\/uploads\/VA-Horn_Visitenkarte_Krammer_Mockup-Kopie-1-1536x1024.jpg 1536w, https:\/\/www.horn-generali.at\/wp-content\/uploads\/VA-Horn_Visitenkarte_Krammer_Mockup-Kopie-1.jpg 1620w\" sizes=\"auto, (max-width: 1024px) 100vw, 1024px\" \/><button\n\t\t\tclass=\"lightbox-trigger\"\n\t\t\ttype=\"button\"\n\t\t\taria-haspopup=\"dialog\"\n\t\t\taria-label=\"Vergr\u00f6\u00dfern\"\n\t\t\tdata-wp-init=\"callbacks.initTriggerButton\"\n\t\t\tdata-wp-on--click=\"actions.showLightbox\"\n\t\t\tdata-wp-style--right=\"state.imageButtonRight\"\n\t\t\tdata-wp-style--top=\"state.imageButtonTop\"\n\t\t>\n\t\t\t<svg xmlns=\"http:\/\/www.w3.org\/2000\/svg\" width=\"12\" height=\"12\" fill=\"none\" viewBox=\"0 0 12 12\">\n\t\t\t\t<path fill=\"#fff\" d=\"M2 0a2 2 0 0 0-2 2v2h1.5V2a.5.5 0 0 1 .5-.5h2V0H2Zm2 10.5H2a.5.5 0 0 1-.5-.5V8H0v2a2 2 0 0 0 2 2h2v-1.5ZM8 12v-1.5h2a.5.5 0 0 0 .5-.5V8H12v2a2 2 0 0 1-2 2H8Zm2-12a2 2 0 0 1 2 2v2h-1.5V2a.5.5 0 0 0-.5-.5H8V0h2Z\" \/>\n\t\t\t<\/svg>\n\t\t<\/button><\/figure>\n\n\n\n<figure data-wp-context=\"{&quot;imageId&quot;:&quot;69fb8ba5367ef&quot;}\" data-wp-interactive=\"core\/image\" data-wp-key=\"69fb8ba5367ef\" class=\"wp-block-image size-large wp-lightbox-container\"><img loading=\"lazy\" decoding=\"async\" width=\"1024\" height=\"683\" data-wp-class--hide=\"state.isContentHidden\" data-wp-class--show=\"state.isContentVisible\" data-wp-init=\"callbacks.setButtonStyles\" data-wp-on--click=\"actions.showLightbox\" data-wp-on--load=\"callbacks.setButtonStyles\" data-wp-on-window--resize=\"callbacks.setButtonStyles\" src=\"https:\/\/www.horn-generali.at\/wp-content\/uploads\/VA-Horn_Visitenkarte_Horn_Mockup-1024x683.jpg\" alt=\"\" class=\"wp-image-1505\" srcset=\"https:\/\/www.horn-generali.at\/wp-content\/uploads\/VA-Horn_Visitenkarte_Horn_Mockup-1024x683.jpg 1024w, https:\/\/www.horn-generali.at\/wp-content\/uploads\/VA-Horn_Visitenkarte_Horn_Mockup-300x200.jpg 300w, https:\/\/www.horn-generali.at\/wp-content\/uploads\/VA-Horn_Visitenkarte_Horn_Mockup-768x512.jpg 768w, https:\/\/www.horn-generali.at\/wp-content\/uploads\/VA-Horn_Visitenkarte_Horn_Mockup-1536x1024.jpg 1536w, https:\/\/www.horn-generali.at\/wp-content\/uploads\/VA-Horn_Visitenkarte_Horn_Mockup-2048x1365.jpg 2048w\" sizes=\"auto, (max-width: 1024px) 100vw, 1024px\" \/><button\n\t\t\tclass=\"lightbox-trigger\"\n\t\t\ttype=\"button\"\n\t\t\taria-haspopup=\"dialog\"\n\t\t\taria-label=\"Vergr\u00f6\u00dfern\"\n\t\t\tdata-wp-init=\"callbacks.initTriggerButton\"\n\t\t\tdata-wp-on--click=\"actions.showLightbox\"\n\t\t\tdata-wp-style--right=\"state.imageButtonRight\"\n\t\t\tdata-wp-style--top=\"state.imageButtonTop\"\n\t\t>\n\t\t\t<svg xmlns=\"http:\/\/www.w3.org\/2000\/svg\" width=\"12\" height=\"12\" fill=\"none\" viewBox=\"0 0 12 12\">\n\t\t\t\t<path fill=\"#fff\" d=\"M2 0a2 2 0 0 0-2 2v2h1.5V2a.5.5 0 0 1 .5-.5h2V0H2Zm2 10.5H2a.5.5 0 0 1-.5-.5V8H0v2a2 2 0 0 0 2 2h2v-1.5ZM8 12v-1.5h2a.5.5 0 0 0 .5-.5V8H12v2a2 2 0 0 1-2 2H8Zm2-12a2 2 0 0 1 2 2v2h-1.5V2a.5.5 0 0 0-.5-.5H8V0h2Z\" \/>\n\t\t\t<\/svg>\n\t\t<\/button><\/figure>\n","protected":false},"excerpt":{"rendered":"<p>1965 er\u00f6ffnete Herr Johannes Thomann ein Versicherungsb\u00fcro als Partner der Ersten Allgemeinen Versicherung in P\u00f6ls. Herr Gottfried Horn \u00fcbernahm 1990 das B\u00fcro und gr\u00fcndete einige Jahre sp\u00e4ter die Generali-Generalagentur Horn, in der auch sein Sohn Gernot als Mitarbeiter t\u00e4tig war. Nach Abschluss des Studiums zum Akademischen Versicherungskaufmann 2013 \u00fcbernahm Herr Gernot Horn, Akad. Vkfm. 2015 &#8230; <a title=\"Unsere Geschichte\" class=\"read-more\" href=\"https:\/\/www.horn-generali.at\/?page_id=1490\" aria-label=\"Mehr Informationen \u00fcber Unsere Geschichte\">Weiterlesen<\/a><\/p>\n","protected":false},"author":1,"featured_media":0,"parent":0,"menu_order":3,"comment_status":"closed","ping_status":"closed","template":"","meta":{"ngg_post_thumbnail":0,"footnotes":""},"class_list":["post-1490","page","type-page","status-publish"],"_links":{"self":[{"href":"https:\/\/www.horn-generali.at\/index.php?rest_route=\/wp\/v2\/pages\/1490","targetHints":{"allow":["GET"]}}],"collection":[{"href":"https:\/\/www.horn-generali.at\/index.php?rest_route=\/wp\/v2\/pages"}],"about":[{"href":"https:\/\/www.horn-generali.at\/index.php?rest_route=\/wp\/v2\/types\/page"}],"author":[{"embeddable":true,"href":"https:\/\/www.horn-generali.at\/index.php?rest_route=\/wp\/v2\/users\/1"}],"replies":[{"embeddable":true,"href":"https:\/\/www.horn-generali.at\/index.php?rest_route=%2Fwp%2Fv2%2Fcomments&post=1490"}],"version-history":[{"count":9,"href":"https:\/\/www.horn-generali.at\/index.php?rest_route=\/wp\/v2\/pages\/1490\/revisions"}],"predecessor-version":[{"id":1507,"href":"https:\/\/www.horn-generali.at\/index.php?rest_route=\/wp\/v2\/pages\/1490\/revisions\/1507"}],"wp:attachment":[{"href":"https:\/\/www.horn-generali.at\/index.php?rest_route=%2Fwp%2Fv2%2Fmedia&parent=1490"}],"curies":[{"name":"wp","href":"https:\/\/api.w.org\/{rel}","templated":true}]}}