{"id":67,"date":"2011-04-28T12:07:08","date_gmt":"2011-04-28T12:07:08","guid":{"rendered":"http:\/\/www.horn-generali.at\/?page_id=67"},"modified":"2026-05-06T12:05:50","modified_gmt":"2026-05-06T12:05:50","slug":"kontakt","status":"publish","type":"page","link":"https:\/\/www.horn-generali.at\/","title":{"rendered":"Willkommen"},"content":{"rendered":"\n<p><strong>Pers\u00f6nlich. Regional. Verl\u00e4sslich.<\/strong><\/p>\n\n\n\n<p>Seit 1965 stehen wir f\u00fcr <strong>Handschlagqualit\u00e4t<\/strong> und Sicherheit in unserer Region. Als exklusiver Partner der <strong>Generali Versicherung AG<\/strong>  verbinden wir die St\u00e4rke eines internationalen Versicherungskonzerns mit der individuellen Betreuung einer famili\u00e4r gef\u00fchrten Agentur.<\/p>\n\n\n\n<p>Ob Vorsorge, KFZ-Versicherung oder Rundum-Schutz f\u00fcr Ihr Eigenheim \u2013 wir nehmen uns Zeit. <br>Denn Versicherungsschutz ist Vertrauenssache.<\/p>\n\n\n\n<p><strong>Warum wir?<\/strong><\/p>\n\n\n\n<ul class=\"wp-block-list\">\n<li><strong>\u00dcber 60 Jahre Erfahrung:<\/strong> Wissen, auf das Sie sich verlassen k\u00f6nnen.<\/li>\n\n\n\n<li><strong>Schnelle Hilfe im Schadensfall:<\/strong> Wir lassen Sie nicht im Regen stehen.<\/li>\n\n\n\n<li><strong>Direkt vor Ort:<\/strong> Keine anonyme Hotline, sondern echte Ansprechpartner.<\/li>\n<\/ul>\n\n\n<div class=\"wp-block-image\">\n<figure data-wp-context=\"{&quot;imageId&quot;:&quot;6a058f2d95863&quot;}\" data-wp-interactive=\"core\/image\" data-wp-key=\"6a058f2d95863\" class=\"aligncenter wp-lightbox-container\"><img loading=\"lazy\" decoding=\"async\" width=\"1024\" height=\"639\" data-wp-class--hide=\"state.isContentHidden\" data-wp-class--show=\"state.isContentVisible\" data-wp-init=\"callbacks.setButtonStyles\" data-wp-on--click=\"actions.showLightbox\" data-wp-on--load=\"callbacks.setButtonStyles\" data-wp-on-window--resize=\"callbacks.setButtonStyles\" src=\"https:\/\/www.horn-generali.at\/wp-content\/uploads\/Gemeindezeitung-Foto-1024x639.jpg\" alt=\"Gernot Horn, Akad. Vkfm. &amp; Thomas Krammer, MBA\" class=\"wp-image-1402\" srcset=\"https:\/\/www.horn-generali.at\/wp-content\/uploads\/Gemeindezeitung-Foto-1024x639.jpg 1024w, https:\/\/www.horn-generali.at\/wp-content\/uploads\/Gemeindezeitung-Foto-300x187.jpg 300w, https:\/\/www.horn-generali.at\/wp-content\/uploads\/Gemeindezeitung-Foto-768x479.jpg 768w, https:\/\/www.horn-generali.at\/wp-content\/uploads\/Gemeindezeitung-Foto-1536x959.jpg 1536w, https:\/\/www.horn-generali.at\/wp-content\/uploads\/Gemeindezeitung-Foto-2048x1278.jpg 2048w, https:\/\/www.horn-generali.at\/wp-content\/uploads\/Gemeindezeitung-Foto-481x300.jpg 481w\" sizes=\"auto, (max-width: 1024px) 100vw, 1024px\" \/><button\n\t\t\tclass=\"lightbox-trigger\"\n\t\t\ttype=\"button\"\n\t\t\taria-haspopup=\"dialog\"\n\t\t\taria-label=\"Vergr\u00f6\u00dfern\"\n\t\t\tdata-wp-init=\"callbacks.initTriggerButton\"\n\t\t\tdata-wp-on--click=\"actions.showLightbox\"\n\t\t\tdata-wp-style--right=\"state.imageButtonRight\"\n\t\t\tdata-wp-style--top=\"state.imageButtonTop\"\n\t\t>\n\t\t\t<svg xmlns=\"http:\/\/www.w3.org\/2000\/svg\" width=\"12\" height=\"12\" fill=\"none\" viewBox=\"0 0 12 12\">\n\t\t\t\t<path fill=\"#fff\" d=\"M2 0a2 2 0 0 0-2 2v2h1.5V2a.5.5 0 0 1 .5-.5h2V0H2Zm2 10.5H2a.5.5 0 0 1-.5-.5V8H0v2a2 2 0 0 0 2 2h2v-1.5ZM8 12v-1.5h2a.5.5 0 0 0 .5-.5V8H12v2a2 2 0 0 1-2 2H8Zm2-12a2 2 0 0 1 2 2v2h-1.5V2a.5.5 0 0 0-.5-.5H8V0h2Z\" \/>\n\t\t\t<\/svg>\n\t\t<\/button><\/figure>\n<\/div>\n\n\n<p><\/p>\n\n\n\n<p class=\"has-text-align-center\"><strong>Versicherungsagentur Horn OG<\/strong><br>Generalagentur der Generali Versicherung AG<\/p>\n\n\n\n<p class=\"has-text-align-center\">Gernot Horn, Akad. Vkfm. &amp; Thomas Krammer, MBA<\/p>\n\n\n\n<p class=\"has-text-align-center\">Dr. Theodor-K\u00f6rner-Strasse 15<br>8761 P\u00f6ls-Oberkurzheim<br>Mobil:&nbsp; 0676 825 850 60<br>Telefon:&nbsp;&nbsp;&nbsp;&nbsp;&nbsp; 03579 8269<a href=\"mailto:office@horn-generali.at\"><br>office@horn-generali.at<\/a><\/p>\n\n\n\n<p class=\"has-text-align-center\"><small>GISA-Nr: 27554111<\/small><\/p>\n\n\n\n<p><\/p>\n\n\n\n<p>Wir freuen uns auf Ihr Feedback. Ver\u00f6ffentlichen Sie doch eine Rezension in unserem Profil.<br><br><a href=\"https:\/\/g.page\/r\/CfzQ-IjQjD-6EBM\/review\" target=\"_blank\" rel=\"noreferrer noopener\">klicke hier f\u00fcr eine Rezession<\/a><\/p>\n\n\n\n<p><\/p>\n","protected":false},"excerpt":{"rendered":"<p>Pers\u00f6nlich. Regional. Verl\u00e4sslich. Seit 1965 stehen wir f\u00fcr Handschlagqualit\u00e4t und Sicherheit in unserer Region. Als exklusiver Partner der Generali Versicherung AG verbinden wir die St\u00e4rke eines internationalen Versicherungskonzerns mit der individuellen Betreuung einer famili\u00e4r gef\u00fchrten Agentur. Ob Vorsorge, KFZ-Versicherung oder Rundum-Schutz f\u00fcr Ihr Eigenheim \u2013 wir nehmen uns Zeit. Denn Versicherungsschutz ist Vertrauenssache. Warum wir? &#8230; <a title=\"Willkommen\" class=\"read-more\" href=\"https:\/\/www.horn-generali.at\/\" aria-label=\"Mehr Informationen \u00fcber Willkommen\">Weiterlesen<\/a><\/p>\n","protected":false},"author":1,"featured_media":0,"parent":0,"menu_order":1,"comment_status":"closed","ping_status":"closed","template":"","meta":{"ngg_post_thumbnail":0,"footnotes":""},"class_list":["post-67","page","type-page","status-publish"],"_links":{"self":[{"href":"https:\/\/www.horn-generali.at\/index.php?rest_route=\/wp\/v2\/pages\/67","targetHints":{"allow":["GET"]}}],"collection":[{"href":"https:\/\/www.horn-generali.at\/index.php?rest_route=\/wp\/v2\/pages"}],"about":[{"href":"https:\/\/www.horn-generali.at\/index.php?rest_route=\/wp\/v2\/types\/page"}],"author":[{"embeddable":true,"href":"https:\/\/www.horn-generali.at\/index.php?rest_route=\/wp\/v2\/users\/1"}],"replies":[{"embeddable":true,"href":"https:\/\/www.horn-generali.at\/index.php?rest_route=%2Fwp%2Fv2%2Fcomments&post=67"}],"version-history":[{"count":75,"href":"https:\/\/www.horn-generali.at\/index.php?rest_route=\/wp\/v2\/pages\/67\/revisions"}],"predecessor-version":[{"id":1513,"href":"https:\/\/www.horn-generali.at\/index.php?rest_route=\/wp\/v2\/pages\/67\/revisions\/1513"}],"wp:attachment":[{"href":"https:\/\/www.horn-generali.at\/index.php?rest_route=%2Fwp%2Fv2%2Fmedia&parent=67"}],"curies":[{"name":"wp","href":"https:\/\/api.w.org\/{rel}","templated":true}]}}